{"id":174,"date":"2023-05-01T20:46:13","date_gmt":"2023-05-01T18:46:13","guid":{"rendered":"http:\/\/lesrestanques.eu\/?page_id=174"},"modified":"2023-09-11T18:04:44","modified_gmt":"2023-09-11T16:04:44","slug":"contact","status":"publish","type":"page","link":"https:\/\/lesrestanques.eu\/index.php\/contact\/","title":{"rendered":"Contact"},"content":{"rendered":"\n<p class=\"has-text-align-center\"><a href=\"sebastien.meunier147@orange.fr\" data-type=\"URL\" data-id=\"sebastien.meunier147@orange.fr\">Magali &amp; S\u00e9bastien Meunier<\/a> <\/p>\n\n\n\n<p class=\"has-text-align-center\">+33 (0)6 82 84 87 59<\/p>\n\n\n\n<p class=\"has-text-align-center\">1 020 Chasser, 07220 Saint Thom\u00e9<\/p>\n\n\n\n<p><\/p>\n\n\n","protected":false},"excerpt":{"rendered":"<p>Magali &amp; S\u00e9bastien Meunier +33 (0)6 82 84 87 59 1 020 Chasser, 07220 Saint Thom\u00e9<\/p>\n","protected":false},"author":1,"featured_media":0,"parent":0,"menu_order":0,"comment_status":"closed","ping_status":"closed","template":"","meta":{"footnotes":""},"class_list":["post-174","page","type-page","status-publish","hentry"],"yoast_head":"<!-- This site is optimized with the Yoast SEO plugin v27.4 - https:\/\/yoast.com\/product\/yoast-seo-wordpress\/ -->\n<title>Contact - Les restanques de Cam\u00e9lie<\/title>\n<meta name=\"robots\" content=\"index, follow, max-snippet:-1, max-image-preview:large, max-video-preview:-1\" \/>\n<link rel=\"canonical\" href=\"http:\/\/lesrestanques.eu\/index.php\/contact\/\" \/>\n<meta property=\"og:locale\" content=\"fr_FR\" \/>\n<meta property=\"og:type\" content=\"article\" \/>\n<meta property=\"og:title\" content=\"Contact - Les restanques de Cam\u00e9lie\" \/>\n<meta property=\"og:description\" content=\"Magali &amp; S\u00e9bastien Meunier +33 (0)6 82 84 87 59 1 020 Chasser, 07220 Saint Thom\u00e9\" \/>\n<meta property=\"og:url\" content=\"http:\/\/lesrestanques.eu\/index.php\/contact\/\" \/>\n<meta property=\"og:site_name\" content=\"Les restanques de Cam\u00e9lie\" \/>\n<meta property=\"article:publisher\" content=\"https:\/\/www.facebook.com\/profile.php?id=100089796713131\" \/>\n<meta property=\"article:modified_time\" content=\"2023-09-11T16:04:44+00:00\" \/>\n<meta name=\"twitter:card\" content=\"summary_large_image\" \/>\n<script type=\"application\/ld+json\" class=\"yoast-schema-graph\">{\"@context\":\"https:\\\/\\\/schema.org\",\"@graph\":[{\"@type\":\"WebPage\",\"@id\":\"http:\\\/\\\/lesrestanques.eu\\\/index.php\\\/contact\\\/\",\"url\":\"http:\\\/\\\/lesrestanques.eu\\\/index.php\\\/contact\\\/\",\"name\":\"Contact - Les restanques de Cam\u00e9lie\",\"isPartOf\":{\"@id\":\"https:\\\/\\\/lesrestanques.eu\\\/#website\"},\"datePublished\":\"2023-05-01T18:46:13+00:00\",\"dateModified\":\"2023-09-11T16:04:44+00:00\",\"breadcrumb\":{\"@id\":\"http:\\\/\\\/lesrestanques.eu\\\/index.php\\\/contact\\\/#breadcrumb\"},\"inLanguage\":\"fr-FR\",\"potentialAction\":[{\"@type\":\"ReadAction\",\"target\":[\"http:\\\/\\\/lesrestanques.eu\\\/index.php\\\/contact\\\/\"]}]},{\"@type\":\"BreadcrumbList\",\"@id\":\"http:\\\/\\\/lesrestanques.eu\\\/index.php\\\/contact\\\/#breadcrumb\",\"itemListElement\":[{\"@type\":\"ListItem\",\"position\":1,\"name\":\"Accueil\",\"item\":\"https:\\\/\\\/lesrestanques.eu\\\/\"},{\"@type\":\"ListItem\",\"position\":2,\"name\":\"Contact\"}]},{\"@type\":\"WebSite\",\"@id\":\"https:\\\/\\\/lesrestanques.eu\\\/#website\",\"url\":\"https:\\\/\\\/lesrestanques.eu\\\/\",\"name\":\"Les restanques de Cam\u00e9lie\",\"description\":\"Bienvenue dans notre charmante chambre d&#039;h\u00f4te en Ard\u00e8che ! Situ\u00e9e au c\u0153ur de la magnifique r\u00e9gion Auvergne-Rh\u00f4ne-Alpes, notre \u00e9tablissement offre un h\u00e9bergement chaleureux et confortable pour les voyageurs en qu\u00eate d&#039;une exp\u00e9rience authentique.Nos chambres d&#039;h\u00f4tes sont id\u00e9alement situ\u00e9es \u00e0 proximit\u00e9 de Vallon-Pont-d&#039;Arc, Vals les Bains, Ruoms, Salavas et Lagorce, offrant ainsi un acc\u00e8s facile aux principales attractions de la r\u00e9gion, telles que la r\u00e9serve naturelle des Gorges de l&#039;Ard\u00e8che et le Parc naturel r\u00e9gional des Monts d&#039;Ard\u00e8che.\",\"publisher\":{\"@id\":\"https:\\\/\\\/lesrestanques.eu\\\/#organization\"},\"potentialAction\":[{\"@type\":\"SearchAction\",\"target\":{\"@type\":\"EntryPoint\",\"urlTemplate\":\"https:\\\/\\\/lesrestanques.eu\\\/?s={search_term_string}\"},\"query-input\":{\"@type\":\"PropertyValueSpecification\",\"valueRequired\":true,\"valueName\":\"search_term_string\"}}],\"inLanguage\":\"fr-FR\"},{\"@type\":\"Organization\",\"@id\":\"https:\\\/\\\/lesrestanques.eu\\\/#organization\",\"name\":\"Les restanques de Cam\u00e9lie\",\"url\":\"https:\\\/\\\/lesrestanques.eu\\\/\",\"logo\":{\"@type\":\"ImageObject\",\"inLanguage\":\"fr-FR\",\"@id\":\"https:\\\/\\\/lesrestanques.eu\\\/#\\\/schema\\\/logo\\\/image\\\/\",\"url\":\"https:\\\/\\\/lesrestanques.eu\\\/wp-content\\\/uploads\\\/2023\\\/07\\\/20230511_170140-scaled.jpg\",\"contentUrl\":\"https:\\\/\\\/lesrestanques.eu\\\/wp-content\\\/uploads\\\/2023\\\/07\\\/20230511_170140-scaled.jpg\",\"width\":2560,\"height\":1920,\"caption\":\"Les restanques de Cam\u00e9lie\"},\"image\":{\"@id\":\"https:\\\/\\\/lesrestanques.eu\\\/#\\\/schema\\\/logo\\\/image\\\/\"},\"sameAs\":[\"https:\\\/\\\/www.facebook.com\\\/profile.php?id=100089796713131\"]}]}<\/script>\n<!-- \/ Yoast SEO plugin. -->","yoast_head_json":{"title":"Contact - Les restanques de Cam\u00e9lie","robots":{"index":"index","follow":"follow","max-snippet":"max-snippet:-1","max-image-preview":"max-image-preview:large","max-video-preview":"max-video-preview:-1"},"canonical":"http:\/\/lesrestanques.eu\/index.php\/contact\/","og_locale":"fr_FR","og_type":"article","og_title":"Contact - Les restanques de Cam\u00e9lie","og_description":"Magali &amp; S\u00e9bastien Meunier +33 (0)6 82 84 87 59 1 020 Chasser, 07220 Saint Thom\u00e9","og_url":"http:\/\/lesrestanques.eu\/index.php\/contact\/","og_site_name":"Les restanques de Cam\u00e9lie","article_publisher":"https:\/\/www.facebook.com\/profile.php?id=100089796713131","article_modified_time":"2023-09-11T16:04:44+00:00","twitter_card":"summary_large_image","schema":{"@context":"https:\/\/schema.org","@graph":[{"@type":"WebPage","@id":"http:\/\/lesrestanques.eu\/index.php\/contact\/","url":"http:\/\/lesrestanques.eu\/index.php\/contact\/","name":"Contact - Les restanques de Cam\u00e9lie","isPartOf":{"@id":"https:\/\/lesrestanques.eu\/#website"},"datePublished":"2023-05-01T18:46:13+00:00","dateModified":"2023-09-11T16:04:44+00:00","breadcrumb":{"@id":"http:\/\/lesrestanques.eu\/index.php\/contact\/#breadcrumb"},"inLanguage":"fr-FR","potentialAction":[{"@type":"ReadAction","target":["http:\/\/lesrestanques.eu\/index.php\/contact\/"]}]},{"@type":"BreadcrumbList","@id":"http:\/\/lesrestanques.eu\/index.php\/contact\/#breadcrumb","itemListElement":[{"@type":"ListItem","position":1,"name":"Accueil","item":"https:\/\/lesrestanques.eu\/"},{"@type":"ListItem","position":2,"name":"Contact"}]},{"@type":"WebSite","@id":"https:\/\/lesrestanques.eu\/#website","url":"https:\/\/lesrestanques.eu\/","name":"Les restanques de Cam\u00e9lie","description":"Bienvenue dans notre charmante chambre d&#039;h\u00f4te en Ard\u00e8che ! Situ\u00e9e au c\u0153ur de la magnifique r\u00e9gion Auvergne-Rh\u00f4ne-Alpes, notre \u00e9tablissement offre un h\u00e9bergement chaleureux et confortable pour les voyageurs en qu\u00eate d&#039;une exp\u00e9rience authentique.Nos chambres d&#039;h\u00f4tes sont id\u00e9alement situ\u00e9es \u00e0 proximit\u00e9 de Vallon-Pont-d&#039;Arc, Vals les Bains, Ruoms, Salavas et Lagorce, offrant ainsi un acc\u00e8s facile aux principales attractions de la r\u00e9gion, telles que la r\u00e9serve naturelle des Gorges de l&#039;Ard\u00e8che et le Parc naturel r\u00e9gional des Monts d&#039;Ard\u00e8che.","publisher":{"@id":"https:\/\/lesrestanques.eu\/#organization"},"potentialAction":[{"@type":"SearchAction","target":{"@type":"EntryPoint","urlTemplate":"https:\/\/lesrestanques.eu\/?s={search_term_string}"},"query-input":{"@type":"PropertyValueSpecification","valueRequired":true,"valueName":"search_term_string"}}],"inLanguage":"fr-FR"},{"@type":"Organization","@id":"https:\/\/lesrestanques.eu\/#organization","name":"Les restanques de Cam\u00e9lie","url":"https:\/\/lesrestanques.eu\/","logo":{"@type":"ImageObject","inLanguage":"fr-FR","@id":"https:\/\/lesrestanques.eu\/#\/schema\/logo\/image\/","url":"https:\/\/lesrestanques.eu\/wp-content\/uploads\/2023\/07\/20230511_170140-scaled.jpg","contentUrl":"https:\/\/lesrestanques.eu\/wp-content\/uploads\/2023\/07\/20230511_170140-scaled.jpg","width":2560,"height":1920,"caption":"Les restanques de Cam\u00e9lie"},"image":{"@id":"https:\/\/lesrestanques.eu\/#\/schema\/logo\/image\/"},"sameAs":["https:\/\/www.facebook.com\/profile.php?id=100089796713131"]}]}},"_links":{"self":[{"href":"https:\/\/lesrestanques.eu\/index.php\/wp-json\/wp\/v2\/pages\/174","targetHints":{"allow":["GET"]}}],"collection":[{"href":"https:\/\/lesrestanques.eu\/index.php\/wp-json\/wp\/v2\/pages"}],"about":[{"href":"https:\/\/lesrestanques.eu\/index.php\/wp-json\/wp\/v2\/types\/page"}],"author":[{"embeddable":true,"href":"https:\/\/lesrestanques.eu\/index.php\/wp-json\/wp\/v2\/users\/1"}],"replies":[{"embeddable":true,"href":"https:\/\/lesrestanques.eu\/index.php\/wp-json\/wp\/v2\/comments?post=174"}],"version-history":[{"count":5,"href":"https:\/\/lesrestanques.eu\/index.php\/wp-json\/wp\/v2\/pages\/174\/revisions"}],"predecessor-version":[{"id":336,"href":"https:\/\/lesrestanques.eu\/index.php\/wp-json\/wp\/v2\/pages\/174\/revisions\/336"}],"wp:attachment":[{"href":"https:\/\/lesrestanques.eu\/index.php\/wp-json\/wp\/v2\/media?parent=174"}],"curies":[{"name":"wp","href":"https:\/\/api.w.org\/{rel}","templated":true}]}}