{"id":204,"date":"2023-08-09T10:21:48","date_gmt":"2023-08-09T08:21:48","guid":{"rendered":"http:\/\/lesrestanques.eu\/?page_id=204"},"modified":"2024-07-09T17:05:38","modified_gmt":"2024-07-09T15:05:38","slug":"pastourelle","status":"publish","type":"page","link":"https:\/\/lesrestanques.eu\/index.php\/pastourelle\/","title":{"rendered":"Chambre Pastourelle"},"content":{"rendered":"\n<div class=\"wp-block-getwid-anchor\"><\/div>\n\n\n\n<div class=\"wp-block-media-text is-stacked-on-mobile\" style=\"grid-template-columns:43% auto\"><figure class=\"wp-block-media-text__media\"><img loading=\"lazy\" decoding=\"async\" width=\"768\" height=\"1024\" src=\"http:\/\/lesrestanques.eu\/wp-content\/uploads\/2024\/07\/20240701_080119-768x1024.jpg\" alt=\"\" class=\"wp-image-602 size-full\" srcset=\"https:\/\/lesrestanques.eu\/wp-content\/uploads\/2024\/07\/20240701_080119-768x1024.jpg 768w, https:\/\/lesrestanques.eu\/wp-content\/uploads\/2024\/07\/20240701_080119-225x300.jpg 225w, https:\/\/lesrestanques.eu\/wp-content\/uploads\/2024\/07\/20240701_080119-1152x1536.jpg 1152w, https:\/\/lesrestanques.eu\/wp-content\/uploads\/2024\/07\/20240701_080119-1536x2048.jpg 1536w, https:\/\/lesrestanques.eu\/wp-content\/uploads\/2024\/07\/20240701_080119-892x1189.jpg 892w, https:\/\/lesrestanques.eu\/wp-content\/uploads\/2024\/07\/20240701_080119-scaled.jpg 1920w\" sizes=\"auto, (max-width: 768px) 100vw, 768px\" \/><\/figure><div class=\"wp-block-media-text__content\">\n<p>Dans la tour de la demeure,&nbsp;<a>Pastourelle<\/a>&nbsp;s&rsquo;\u00e9panouit, Un refuge pour un couple, dans un lit de 160, la nuit, Et pour les enfants, des lits superpos\u00e9s, petit bruit, Un espace enchant\u00e9, o\u00f9 l&rsquo;amour fleurit.<\/p>\n\n\n\n<p>Grande chambre, havre de paix, Coin salon, pour des instants parfaits, Sanitaire avec douche, douceur \u00e0 jamais, Terrasse priv\u00e9e, vue magique, \u00e0 jamais.<\/p>\n\n\n\n<p>Surplombant le village m\u00e9di\u00e9val de Saint Thom\u00e9,&nbsp;<a>Pastourelle<\/a>, conte merveilleux, secret r\u00e9v\u00e9l\u00e9, Chaque lever de soleil, une nouvelle harmonie, Dans ce cocon, l&rsquo;\u00e2me est \u00e9blouie.<\/p>\n\n\n\n<p>Entre r\u00eave et r\u00e9alit\u00e9, elle se balance,&nbsp;<a>Pastourelle<\/a>, joyau d&rsquo;\u00e9l\u00e9gance, O\u00f9 se m\u00ealent le charme et la romance, Pour des instants d&rsquo;\u00e9ternelle jouvence.<\/p>\n<\/div><\/div>\n\n\n\n<figure class=\"wp-block-gallery has-nested-images columns-default is-cropped wp-block-gallery-1 is-layout-flex wp-block-gallery-is-layout-flex\">\n<figure class=\"wp-block-image size-large\"><img loading=\"lazy\" decoding=\"async\" width=\"768\" height=\"1024\" data-id=\"59\" src=\"http:\/\/lesrestanques.eu\/wp-content\/uploads\/2023\/04\/Pastourelle-3-768x1024.jpg\" alt=\"\" class=\"wp-image-59\" srcset=\"https:\/\/lesrestanques.eu\/wp-content\/uploads\/2023\/04\/Pastourelle-3-768x1024.jpg 768w, https:\/\/lesrestanques.eu\/wp-content\/uploads\/2023\/04\/Pastourelle-3-225x300.jpg 225w, https:\/\/lesrestanques.eu\/wp-content\/uploads\/2023\/04\/Pastourelle-3-1152x1536.jpg 1152w, https:\/\/lesrestanques.eu\/wp-content\/uploads\/2023\/04\/Pastourelle-3-scaled.jpg 1920w\" sizes=\"auto, (max-width: 768px) 100vw, 768px\" \/><\/figure>\n\n\n\n<figure class=\"wp-block-image size-large\"><img loading=\"lazy\" decoding=\"async\" width=\"1024\" height=\"768\" data-id=\"598\" src=\"http:\/\/lesrestanques.eu\/wp-content\/uploads\/2024\/07\/20240702_104343-1024x768.jpg\" alt=\"\" class=\"wp-image-598\" srcset=\"https:\/\/lesrestanques.eu\/wp-content\/uploads\/2024\/07\/20240702_104343-1024x768.jpg 1024w, https:\/\/lesrestanques.eu\/wp-content\/uploads\/2024\/07\/20240702_104343-300x225.jpg 300w, https:\/\/lesrestanques.eu\/wp-content\/uploads\/2024\/07\/20240702_104343-768x576.jpg 768w, https:\/\/lesrestanques.eu\/wp-content\/uploads\/2024\/07\/20240702_104343-1536x1152.jpg 1536w, https:\/\/lesrestanques.eu\/wp-content\/uploads\/2024\/07\/20240702_104343-2048x1536.jpg 2048w, https:\/\/lesrestanques.eu\/wp-content\/uploads\/2024\/07\/20240702_104343-892x669.jpg 892w\" sizes=\"auto, (max-width: 1024px) 100vw, 1024px\" \/><\/figure>\n\n\n\n<figure class=\"wp-block-image size-large\"><img loading=\"lazy\" decoding=\"async\" width=\"768\" height=\"1024\" data-id=\"234\" src=\"http:\/\/lesrestanques.eu\/wp-content\/uploads\/2023\/09\/LitsSup-768x1024.png\" alt=\"\" class=\"wp-image-234\" srcset=\"https:\/\/lesrestanques.eu\/wp-content\/uploads\/2023\/09\/LitsSup-768x1024.png 768w, https:\/\/lesrestanques.eu\/wp-content\/uploads\/2023\/09\/LitsSup-225x300.png 225w, https:\/\/lesrestanques.eu\/wp-content\/uploads\/2023\/09\/LitsSup-1152x1536.png 1152w, https:\/\/lesrestanques.eu\/wp-content\/uploads\/2023\/09\/LitsSup-1536x2048.png 1536w, https:\/\/lesrestanques.eu\/wp-content\/uploads\/2023\/09\/LitsSup-892x1189.png 892w\" sizes=\"auto, (max-width: 768px) 100vw, 768px\" \/><figcaption class=\"wp-element-caption\">Lits superpos\u00e9s<\/figcaption><\/figure>\n<\/figure>\n\n\n\n<figure class=\"wp-block-gallery has-nested-images columns-default is-cropped wp-block-gallery-2 is-layout-flex wp-block-gallery-is-layout-flex\">\n<figure class=\"wp-block-image size-large\"><img decoding=\"async\" data-id=\"572\" src=\"https:\/\/lesrestanques.eu\/wp-content\/uploads\/2024\/06\/Pastourelle-1-1024x576.jpg\" alt=\"\" class=\"wp-image-572\"\/><\/figure>\n<\/figure>\n\n\n\n<h3 class=\"wp-block-heading\">Equipement<\/h3>\n\n\n\n<ul class=\"wp-block-list\">\n<li>Un lit 190 x 160 cm et deux lits superpos\u00e9s 190 x 90 cm<\/li>\n\n\n\n<li>Terrasse privative avec une table et deux chaises<\/li>\n\n\n\n<li>Bureau avec une chaise, pose valise, T\u00e9l\u00e9vision, Wifi gratuit<\/li>\n\n\n\n<li>Climatisation r\u00e9versible<\/li>\n\n\n\n<li>Douche, \u00e9vier double bac, s\u00e8che cheveux, serviettes et draps de bain fournis<\/li>\n\n\n\n<li>WC isol\u00e9<\/li>\n<\/ul>\n","protected":false},"excerpt":{"rendered":"<p>Dans la tour de la demeure,&nbsp;Pastourelle&nbsp;s&rsquo;\u00e9panouit, Un refuge pour un couple, dans un lit de 160, la nuit, Et pour les enfants, des lits superpos\u00e9s, petit bruit, Un espace enchant\u00e9, o\u00f9 l&rsquo;amour fleurit. Grande chambre, havre de paix, Coin salon, pour des instants parfaits, Sanitaire avec douche, douceur \u00e0 jamais, Terrasse priv\u00e9e, vue magique, \u00e0 [&hellip;]<\/p>\n","protected":false},"author":1,"featured_media":0,"parent":0,"menu_order":0,"comment_status":"closed","ping_status":"closed","template":"","meta":{"footnotes":""},"class_list":["post-204","page","type-page","status-publish","hentry"],"yoast_head":"<!-- This site is optimized with the Yoast SEO plugin v27.4 - https:\/\/yoast.com\/product\/yoast-seo-wordpress\/ -->\n<title>Chambre Pastourelle - Les restanques de Cam\u00e9lie<\/title>\n<meta name=\"description\" content=\"Bienvenue dans notre chambre d&#039;h\u00f4tes situ\u00e9e au sommet de la tour du g\u00eete. Profitez d&#039;une vue panoramique \u00e0 couper le souffle depuis votre propre balcon priv\u00e9. Cette chambre unique et pittoresque offre un cadre romantique et enchanteur pour votre s\u00e9jour. D\u00e9tendez-vous dans un espace confortable et profitez de tous les \u00e9quipements modernes dont vous avez besoin pour rendre votre s\u00e9jour inoubliable. R\u00e9servez d\u00e8s maintenant et laissez-vous s\u00e9duire par l&#039;exp\u00e9rience exceptionnelle de notre chambre d&#039;h\u00f4tes dans la tour du g\u00eete.\" \/>\n<meta name=\"robots\" content=\"index, follow, max-snippet:-1, max-image-preview:large, max-video-preview:-1\" \/>\n<link rel=\"canonical\" href=\"http:\/\/lesrestanques.eu\/index.php\/pastourelle\/\" \/>\n<meta property=\"og:locale\" content=\"fr_FR\" \/>\n<meta property=\"og:type\" content=\"article\" \/>\n<meta property=\"og:title\" content=\"Chambre Pastourelle - Les restanques de Cam\u00e9lie\" \/>\n<meta property=\"og:description\" content=\"Bienvenue dans notre chambre d&#039;h\u00f4tes situ\u00e9e au sommet de la tour du g\u00eete. Profitez d&#039;une vue panoramique \u00e0 couper le souffle depuis votre propre balcon priv\u00e9. Cette chambre unique et pittoresque offre un cadre romantique et enchanteur pour votre s\u00e9jour. D\u00e9tendez-vous dans un espace confortable et profitez de tous les \u00e9quipements modernes dont vous avez besoin pour rendre votre s\u00e9jour inoubliable. R\u00e9servez d\u00e8s maintenant et laissez-vous s\u00e9duire par l&#039;exp\u00e9rience exceptionnelle de notre chambre d&#039;h\u00f4tes dans la tour du g\u00eete.\" \/>\n<meta property=\"og:url\" content=\"http:\/\/lesrestanques.eu\/index.php\/pastourelle\/\" \/>\n<meta property=\"og:site_name\" content=\"Les restanques de Cam\u00e9lie\" \/>\n<meta property=\"article:publisher\" content=\"https:\/\/www.facebook.com\/profile.php?id=100089796713131\" \/>\n<meta property=\"article:modified_time\" content=\"2024-07-09T15:05:38+00:00\" \/>\n<meta property=\"og:image\" content=\"http:\/\/lesrestanques.eu\/wp-content\/uploads\/2024\/07\/20240701_080119-768x1024.jpg\" \/>\n<meta name=\"twitter:card\" content=\"summary_large_image\" \/>\n<meta name=\"twitter:label1\" content=\"Dur\u00e9e de lecture estim\u00e9e\" \/>\n\t<meta name=\"twitter:data1\" content=\"2 minutes\" \/>\n<script type=\"application\/ld+json\" class=\"yoast-schema-graph\">{\"@context\":\"https:\\\/\\\/schema.org\",\"@graph\":[{\"@type\":\"WebPage\",\"@id\":\"http:\\\/\\\/lesrestanques.eu\\\/index.php\\\/pastourelle\\\/\",\"url\":\"http:\\\/\\\/lesrestanques.eu\\\/index.php\\\/pastourelle\\\/\",\"name\":\"Chambre Pastourelle - Les restanques de Cam\u00e9lie\",\"isPartOf\":{\"@id\":\"https:\\\/\\\/lesrestanques.eu\\\/#website\"},\"primaryImageOfPage\":{\"@id\":\"http:\\\/\\\/lesrestanques.eu\\\/index.php\\\/pastourelle\\\/#primaryimage\"},\"image\":{\"@id\":\"http:\\\/\\\/lesrestanques.eu\\\/index.php\\\/pastourelle\\\/#primaryimage\"},\"thumbnailUrl\":\"http:\\\/\\\/lesrestanques.eu\\\/wp-content\\\/uploads\\\/2024\\\/07\\\/20240701_080119-768x1024.jpg\",\"datePublished\":\"2023-08-09T08:21:48+00:00\",\"dateModified\":\"2024-07-09T15:05:38+00:00\",\"description\":\"Bienvenue dans notre chambre d'h\u00f4tes situ\u00e9e au sommet de la tour du g\u00eete. Profitez d'une vue panoramique \u00e0 couper le souffle depuis votre propre balcon priv\u00e9. Cette chambre unique et pittoresque offre un cadre romantique et enchanteur pour votre s\u00e9jour. D\u00e9tendez-vous dans un espace confortable et profitez de tous les \u00e9quipements modernes dont vous avez besoin pour rendre votre s\u00e9jour inoubliable. R\u00e9servez d\u00e8s maintenant et laissez-vous s\u00e9duire par l'exp\u00e9rience exceptionnelle de notre chambre d'h\u00f4tes dans la tour du g\u00eete.\",\"breadcrumb\":{\"@id\":\"http:\\\/\\\/lesrestanques.eu\\\/index.php\\\/pastourelle\\\/#breadcrumb\"},\"inLanguage\":\"fr-FR\",\"potentialAction\":[{\"@type\":\"ReadAction\",\"target\":[\"http:\\\/\\\/lesrestanques.eu\\\/index.php\\\/pastourelle\\\/\"]}]},{\"@type\":\"ImageObject\",\"inLanguage\":\"fr-FR\",\"@id\":\"http:\\\/\\\/lesrestanques.eu\\\/index.php\\\/pastourelle\\\/#primaryimage\",\"url\":\"https:\\\/\\\/lesrestanques.eu\\\/wp-content\\\/uploads\\\/2024\\\/07\\\/20240701_080119-scaled.jpg\",\"contentUrl\":\"https:\\\/\\\/lesrestanques.eu\\\/wp-content\\\/uploads\\\/2024\\\/07\\\/20240701_080119-scaled.jpg\",\"width\":1920,\"height\":2560},{\"@type\":\"BreadcrumbList\",\"@id\":\"http:\\\/\\\/lesrestanques.eu\\\/index.php\\\/pastourelle\\\/#breadcrumb\",\"itemListElement\":[{\"@type\":\"ListItem\",\"position\":1,\"name\":\"Accueil\",\"item\":\"https:\\\/\\\/lesrestanques.eu\\\/\"},{\"@type\":\"ListItem\",\"position\":2,\"name\":\"Chambre Pastourelle\"}]},{\"@type\":\"WebSite\",\"@id\":\"https:\\\/\\\/lesrestanques.eu\\\/#website\",\"url\":\"https:\\\/\\\/lesrestanques.eu\\\/\",\"name\":\"Les restanques de Cam\u00e9lie\",\"description\":\"Bienvenue dans notre charmante chambre d&#039;h\u00f4te en Ard\u00e8che ! Situ\u00e9e au c\u0153ur de la magnifique r\u00e9gion Auvergne-Rh\u00f4ne-Alpes, notre \u00e9tablissement offre un h\u00e9bergement chaleureux et confortable pour les voyageurs en qu\u00eate d&#039;une exp\u00e9rience authentique.Nos chambres d&#039;h\u00f4tes sont id\u00e9alement situ\u00e9es \u00e0 proximit\u00e9 de Vallon-Pont-d&#039;Arc, Vals les Bains, Ruoms, Salavas et Lagorce, offrant ainsi un acc\u00e8s facile aux principales attractions de la r\u00e9gion, telles que la r\u00e9serve naturelle des Gorges de l&#039;Ard\u00e8che et le Parc naturel r\u00e9gional des Monts d&#039;Ard\u00e8che.\",\"publisher\":{\"@id\":\"https:\\\/\\\/lesrestanques.eu\\\/#organization\"},\"potentialAction\":[{\"@type\":\"SearchAction\",\"target\":{\"@type\":\"EntryPoint\",\"urlTemplate\":\"https:\\\/\\\/lesrestanques.eu\\\/?s={search_term_string}\"},\"query-input\":{\"@type\":\"PropertyValueSpecification\",\"valueRequired\":true,\"valueName\":\"search_term_string\"}}],\"inLanguage\":\"fr-FR\"},{\"@type\":\"Organization\",\"@id\":\"https:\\\/\\\/lesrestanques.eu\\\/#organization\",\"name\":\"Les restanques de Cam\u00e9lie\",\"url\":\"https:\\\/\\\/lesrestanques.eu\\\/\",\"logo\":{\"@type\":\"ImageObject\",\"inLanguage\":\"fr-FR\",\"@id\":\"https:\\\/\\\/lesrestanques.eu\\\/#\\\/schema\\\/logo\\\/image\\\/\",\"url\":\"https:\\\/\\\/lesrestanques.eu\\\/wp-content\\\/uploads\\\/2023\\\/07\\\/20230511_170140-scaled.jpg\",\"contentUrl\":\"https:\\\/\\\/lesrestanques.eu\\\/wp-content\\\/uploads\\\/2023\\\/07\\\/20230511_170140-scaled.jpg\",\"width\":2560,\"height\":1920,\"caption\":\"Les restanques de Cam\u00e9lie\"},\"image\":{\"@id\":\"https:\\\/\\\/lesrestanques.eu\\\/#\\\/schema\\\/logo\\\/image\\\/\"},\"sameAs\":[\"https:\\\/\\\/www.facebook.com\\\/profile.php?id=100089796713131\"]}]}<\/script>\n<!-- \/ Yoast SEO plugin. -->","yoast_head_json":{"title":"Chambre Pastourelle - Les restanques de Cam\u00e9lie","description":"Bienvenue dans notre chambre d'h\u00f4tes situ\u00e9e au sommet de la tour du g\u00eete. Profitez d'une vue panoramique \u00e0 couper le souffle depuis votre propre balcon priv\u00e9. Cette chambre unique et pittoresque offre un cadre romantique et enchanteur pour votre s\u00e9jour. D\u00e9tendez-vous dans un espace confortable et profitez de tous les \u00e9quipements modernes dont vous avez besoin pour rendre votre s\u00e9jour inoubliable. R\u00e9servez d\u00e8s maintenant et laissez-vous s\u00e9duire par l'exp\u00e9rience exceptionnelle de notre chambre d'h\u00f4tes dans la tour du g\u00eete.","robots":{"index":"index","follow":"follow","max-snippet":"max-snippet:-1","max-image-preview":"max-image-preview:large","max-video-preview":"max-video-preview:-1"},"canonical":"http:\/\/lesrestanques.eu\/index.php\/pastourelle\/","og_locale":"fr_FR","og_type":"article","og_title":"Chambre Pastourelle - Les restanques de Cam\u00e9lie","og_description":"Bienvenue dans notre chambre d'h\u00f4tes situ\u00e9e au sommet de la tour du g\u00eete. Profitez d'une vue panoramique \u00e0 couper le souffle depuis votre propre balcon priv\u00e9. Cette chambre unique et pittoresque offre un cadre romantique et enchanteur pour votre s\u00e9jour. D\u00e9tendez-vous dans un espace confortable et profitez de tous les \u00e9quipements modernes dont vous avez besoin pour rendre votre s\u00e9jour inoubliable. R\u00e9servez d\u00e8s maintenant et laissez-vous s\u00e9duire par l'exp\u00e9rience exceptionnelle de notre chambre d'h\u00f4tes dans la tour du g\u00eete.","og_url":"http:\/\/lesrestanques.eu\/index.php\/pastourelle\/","og_site_name":"Les restanques de Cam\u00e9lie","article_publisher":"https:\/\/www.facebook.com\/profile.php?id=100089796713131","article_modified_time":"2024-07-09T15:05:38+00:00","og_image":[{"url":"http:\/\/lesrestanques.eu\/wp-content\/uploads\/2024\/07\/20240701_080119-768x1024.jpg","type":"","width":"","height":""}],"twitter_card":"summary_large_image","twitter_misc":{"Dur\u00e9e de lecture estim\u00e9e":"2 minutes"},"schema":{"@context":"https:\/\/schema.org","@graph":[{"@type":"WebPage","@id":"http:\/\/lesrestanques.eu\/index.php\/pastourelle\/","url":"http:\/\/lesrestanques.eu\/index.php\/pastourelle\/","name":"Chambre Pastourelle - Les restanques de Cam\u00e9lie","isPartOf":{"@id":"https:\/\/lesrestanques.eu\/#website"},"primaryImageOfPage":{"@id":"http:\/\/lesrestanques.eu\/index.php\/pastourelle\/#primaryimage"},"image":{"@id":"http:\/\/lesrestanques.eu\/index.php\/pastourelle\/#primaryimage"},"thumbnailUrl":"http:\/\/lesrestanques.eu\/wp-content\/uploads\/2024\/07\/20240701_080119-768x1024.jpg","datePublished":"2023-08-09T08:21:48+00:00","dateModified":"2024-07-09T15:05:38+00:00","description":"Bienvenue dans notre chambre d'h\u00f4tes situ\u00e9e au sommet de la tour du g\u00eete. Profitez d'une vue panoramique \u00e0 couper le souffle depuis votre propre balcon priv\u00e9. Cette chambre unique et pittoresque offre un cadre romantique et enchanteur pour votre s\u00e9jour. D\u00e9tendez-vous dans un espace confortable et profitez de tous les \u00e9quipements modernes dont vous avez besoin pour rendre votre s\u00e9jour inoubliable. R\u00e9servez d\u00e8s maintenant et laissez-vous s\u00e9duire par l'exp\u00e9rience exceptionnelle de notre chambre d'h\u00f4tes dans la tour du g\u00eete.","breadcrumb":{"@id":"http:\/\/lesrestanques.eu\/index.php\/pastourelle\/#breadcrumb"},"inLanguage":"fr-FR","potentialAction":[{"@type":"ReadAction","target":["http:\/\/lesrestanques.eu\/index.php\/pastourelle\/"]}]},{"@type":"ImageObject","inLanguage":"fr-FR","@id":"http:\/\/lesrestanques.eu\/index.php\/pastourelle\/#primaryimage","url":"https:\/\/lesrestanques.eu\/wp-content\/uploads\/2024\/07\/20240701_080119-scaled.jpg","contentUrl":"https:\/\/lesrestanques.eu\/wp-content\/uploads\/2024\/07\/20240701_080119-scaled.jpg","width":1920,"height":2560},{"@type":"BreadcrumbList","@id":"http:\/\/lesrestanques.eu\/index.php\/pastourelle\/#breadcrumb","itemListElement":[{"@type":"ListItem","position":1,"name":"Accueil","item":"https:\/\/lesrestanques.eu\/"},{"@type":"ListItem","position":2,"name":"Chambre Pastourelle"}]},{"@type":"WebSite","@id":"https:\/\/lesrestanques.eu\/#website","url":"https:\/\/lesrestanques.eu\/","name":"Les restanques de Cam\u00e9lie","description":"Bienvenue dans notre charmante chambre d&#039;h\u00f4te en Ard\u00e8che ! Situ\u00e9e au c\u0153ur de la magnifique r\u00e9gion Auvergne-Rh\u00f4ne-Alpes, notre \u00e9tablissement offre un h\u00e9bergement chaleureux et confortable pour les voyageurs en qu\u00eate d&#039;une exp\u00e9rience authentique.Nos chambres d&#039;h\u00f4tes sont id\u00e9alement situ\u00e9es \u00e0 proximit\u00e9 de Vallon-Pont-d&#039;Arc, Vals les Bains, Ruoms, Salavas et Lagorce, offrant ainsi un acc\u00e8s facile aux principales attractions de la r\u00e9gion, telles que la r\u00e9serve naturelle des Gorges de l&#039;Ard\u00e8che et le Parc naturel r\u00e9gional des Monts d&#039;Ard\u00e8che.","publisher":{"@id":"https:\/\/lesrestanques.eu\/#organization"},"potentialAction":[{"@type":"SearchAction","target":{"@type":"EntryPoint","urlTemplate":"https:\/\/lesrestanques.eu\/?s={search_term_string}"},"query-input":{"@type":"PropertyValueSpecification","valueRequired":true,"valueName":"search_term_string"}}],"inLanguage":"fr-FR"},{"@type":"Organization","@id":"https:\/\/lesrestanques.eu\/#organization","name":"Les restanques de Cam\u00e9lie","url":"https:\/\/lesrestanques.eu\/","logo":{"@type":"ImageObject","inLanguage":"fr-FR","@id":"https:\/\/lesrestanques.eu\/#\/schema\/logo\/image\/","url":"https:\/\/lesrestanques.eu\/wp-content\/uploads\/2023\/07\/20230511_170140-scaled.jpg","contentUrl":"https:\/\/lesrestanques.eu\/wp-content\/uploads\/2023\/07\/20230511_170140-scaled.jpg","width":2560,"height":1920,"caption":"Les restanques de Cam\u00e9lie"},"image":{"@id":"https:\/\/lesrestanques.eu\/#\/schema\/logo\/image\/"},"sameAs":["https:\/\/www.facebook.com\/profile.php?id=100089796713131"]}]}},"_links":{"self":[{"href":"https:\/\/lesrestanques.eu\/index.php\/wp-json\/wp\/v2\/pages\/204","targetHints":{"allow":["GET"]}}],"collection":[{"href":"https:\/\/lesrestanques.eu\/index.php\/wp-json\/wp\/v2\/pages"}],"about":[{"href":"https:\/\/lesrestanques.eu\/index.php\/wp-json\/wp\/v2\/types\/page"}],"author":[{"embeddable":true,"href":"https:\/\/lesrestanques.eu\/index.php\/wp-json\/wp\/v2\/users\/1"}],"replies":[{"embeddable":true,"href":"https:\/\/lesrestanques.eu\/index.php\/wp-json\/wp\/v2\/comments?post=204"}],"version-history":[{"count":8,"href":"https:\/\/lesrestanques.eu\/index.php\/wp-json\/wp\/v2\/pages\/204\/revisions"}],"predecessor-version":[{"id":619,"href":"https:\/\/lesrestanques.eu\/index.php\/wp-json\/wp\/v2\/pages\/204\/revisions\/619"}],"wp:attachment":[{"href":"https:\/\/lesrestanques.eu\/index.php\/wp-json\/wp\/v2\/media?parent=204"}],"curies":[{"name":"wp","href":"https:\/\/api.w.org\/{rel}","templated":true}]}}