{"id":721,"date":"2025-11-22T12:20:57","date_gmt":"2025-11-22T11:20:57","guid":{"rendered":"https:\/\/lesrestanques.eu\/?page_id=721"},"modified":"2025-11-22T12:39:05","modified_gmt":"2025-11-22T11:39:05","slug":"nous-aimons","status":"publish","type":"page","link":"https:\/\/lesrestanques.eu\/index.php\/nous-aimons\/","title":{"rendered":"Nous aimons&#8230;"},"content":{"rendered":"\n<div class=\"wp-block-media-text is-stacked-on-mobile\"><figure class=\"wp-block-media-text__media\"><\/figure><div class=\"wp-block-media-text__content\">\n<p><\/p>\n<\/div><\/div>\n\n\n\n<div class=\"wp-block-media-text is-stacked-on-mobile\"><figure class=\"wp-block-media-text__media\"><img loading=\"lazy\" decoding=\"async\" width=\"512\" height=\"640\" src=\"https:\/\/lesrestanques.eu\/wp-content\/uploads\/2025\/11\/Terrasse-des-Carmes.jpg\" alt=\"\" class=\"wp-image-722 size-full\" srcset=\"https:\/\/lesrestanques.eu\/wp-content\/uploads\/2025\/11\/Terrasse-des-Carmes.jpg 512w, https:\/\/lesrestanques.eu\/wp-content\/uploads\/2025\/11\/Terrasse-des-Carmes-240x300.jpg 240w\" sizes=\"auto, (max-width: 512px) 100vw, 512px\" \/><\/figure><div class=\"wp-block-media-text__content\">\n<p>Restaurant Ard\u00e8che &#8211; Terrasse ombrag\u00e9e &#8211; Produits frais et locaux &#8211; Vins natures et pas que!<\/p>\n\n\n\n<figure class=\"wp-block-image\"><img decoding=\"async\" src=\"https:\/\/static.xx.fbcdn.net\/rsrc.php\/v4\/y0\/r\/K-oApYXEaOn.png\" alt=\"\"\/><\/figure>\n\n\n\n<p><strong><a href=\"http:\/\/www.laterrassedescarmes.fr\/?fbclid=IwZXh0bgNhZW0CMTAAc3J0YwZhcHBfaWQQMjIyMDM5MTc4ODIwMDg5MgABHic6E2Z9cz1jokBmbFxT0S4uPLTPT-v-GUMg14O4_GHeZsHPy2VLfXFJybBF_aem_DpRmyvV4j4n9kLGBEDRstw\" rel=\"noreferrer noopener\" target=\"_blank\">laterrassedescarmes.fr<\/a><\/strong><\/p>\n<\/div><\/div>\n\n\n\n<div class=\"wp-block-media-text is-stacked-on-mobile\"><figure class=\"wp-block-media-text__media\"><\/figure><div class=\"wp-block-media-text__content\">\n<p><\/p>\n<\/div><\/div>\n\n\n\n<div class=\"wp-block-media-text is-stacked-on-mobile\"><figure class=\"wp-block-media-text__media\"><\/figure><div class=\"wp-block-media-text__content\">\n<p><\/p>\n<\/div><\/div>\n","protected":false},"excerpt":{"rendered":"","protected":false},"author":1,"featured_media":0,"parent":0,"menu_order":0,"comment_status":"closed","ping_status":"closed","template":"","meta":{"footnotes":""},"class_list":["post-721","page","type-page","status-publish","hentry"],"yoast_head":"<!-- This site is optimized with the Yoast SEO plugin v27.4 - https:\/\/yoast.com\/product\/yoast-seo-wordpress\/ -->\n<title>Nous aimons... - Les restanques de Cam\u00e9lie<\/title>\n<meta name=\"robots\" content=\"index, follow, max-snippet:-1, max-image-preview:large, max-video-preview:-1\" \/>\n<link rel=\"canonical\" href=\"https:\/\/lesrestanques.eu\/index.php\/nous-aimons\/\" \/>\n<meta property=\"og:locale\" content=\"fr_FR\" \/>\n<meta property=\"og:type\" content=\"article\" \/>\n<meta property=\"og:title\" content=\"Nous aimons... - Les restanques de Cam\u00e9lie\" \/>\n<meta property=\"og:url\" content=\"https:\/\/lesrestanques.eu\/index.php\/nous-aimons\/\" \/>\n<meta property=\"og:site_name\" content=\"Les restanques de Cam\u00e9lie\" \/>\n<meta property=\"article:publisher\" content=\"https:\/\/www.facebook.com\/profile.php?id=100089796713131\" \/>\n<meta property=\"article:modified_time\" content=\"2025-11-22T11:39:05+00:00\" \/>\n<meta property=\"og:image\" content=\"https:\/\/lesrestanques.eu\/wp-content\/uploads\/2025\/11\/Terrasse-des-Carmes.jpg\" \/>\n\t<meta property=\"og:image:width\" content=\"512\" \/>\n\t<meta property=\"og:image:height\" content=\"640\" \/>\n\t<meta property=\"og:image:type\" content=\"image\/jpeg\" \/>\n<meta name=\"twitter:card\" content=\"summary_large_image\" \/>\n<meta name=\"twitter:label1\" content=\"Dur\u00e9e de lecture estim\u00e9e\" \/>\n\t<meta name=\"twitter:data1\" content=\"1 minute\" \/>\n<script type=\"application\/ld+json\" class=\"yoast-schema-graph\">{\"@context\":\"https:\\\/\\\/schema.org\",\"@graph\":[{\"@type\":\"WebPage\",\"@id\":\"https:\\\/\\\/lesrestanques.eu\\\/index.php\\\/nous-aimons\\\/\",\"url\":\"https:\\\/\\\/lesrestanques.eu\\\/index.php\\\/nous-aimons\\\/\",\"name\":\"Nous aimons... - Les restanques de Cam\u00e9lie\",\"isPartOf\":{\"@id\":\"https:\\\/\\\/lesrestanques.eu\\\/#website\"},\"primaryImageOfPage\":{\"@id\":\"https:\\\/\\\/lesrestanques.eu\\\/index.php\\\/nous-aimons\\\/#primaryimage\"},\"image\":{\"@id\":\"https:\\\/\\\/lesrestanques.eu\\\/index.php\\\/nous-aimons\\\/#primaryimage\"},\"thumbnailUrl\":\"https:\\\/\\\/lesrestanques.eu\\\/wp-content\\\/uploads\\\/2025\\\/11\\\/Terrasse-des-Carmes.jpg\",\"datePublished\":\"2025-11-22T11:20:57+00:00\",\"dateModified\":\"2025-11-22T11:39:05+00:00\",\"breadcrumb\":{\"@id\":\"https:\\\/\\\/lesrestanques.eu\\\/index.php\\\/nous-aimons\\\/#breadcrumb\"},\"inLanguage\":\"fr-FR\",\"potentialAction\":[{\"@type\":\"ReadAction\",\"target\":[\"https:\\\/\\\/lesrestanques.eu\\\/index.php\\\/nous-aimons\\\/\"]}]},{\"@type\":\"ImageObject\",\"inLanguage\":\"fr-FR\",\"@id\":\"https:\\\/\\\/lesrestanques.eu\\\/index.php\\\/nous-aimons\\\/#primaryimage\",\"url\":\"https:\\\/\\\/lesrestanques.eu\\\/wp-content\\\/uploads\\\/2025\\\/11\\\/Terrasse-des-Carmes.jpg\",\"contentUrl\":\"https:\\\/\\\/lesrestanques.eu\\\/wp-content\\\/uploads\\\/2025\\\/11\\\/Terrasse-des-Carmes.jpg\",\"width\":512,\"height\":640},{\"@type\":\"BreadcrumbList\",\"@id\":\"https:\\\/\\\/lesrestanques.eu\\\/index.php\\\/nous-aimons\\\/#breadcrumb\",\"itemListElement\":[{\"@type\":\"ListItem\",\"position\":1,\"name\":\"Accueil\",\"item\":\"https:\\\/\\\/lesrestanques.eu\\\/\"},{\"@type\":\"ListItem\",\"position\":2,\"name\":\"Nous aimons&#8230;\"}]},{\"@type\":\"WebSite\",\"@id\":\"https:\\\/\\\/lesrestanques.eu\\\/#website\",\"url\":\"https:\\\/\\\/lesrestanques.eu\\\/\",\"name\":\"Les restanques de Cam\u00e9lie\",\"description\":\"Bienvenue dans notre charmante chambre d&#039;h\u00f4te en Ard\u00e8che ! Situ\u00e9e au c\u0153ur de la magnifique r\u00e9gion Auvergne-Rh\u00f4ne-Alpes, notre \u00e9tablissement offre un h\u00e9bergement chaleureux et confortable pour les voyageurs en qu\u00eate d&#039;une exp\u00e9rience authentique.Nos chambres d&#039;h\u00f4tes sont id\u00e9alement situ\u00e9es \u00e0 proximit\u00e9 de Vallon-Pont-d&#039;Arc, Vals les Bains, Ruoms, Salavas et Lagorce, offrant ainsi un acc\u00e8s facile aux principales attractions de la r\u00e9gion, telles que la r\u00e9serve naturelle des Gorges de l&#039;Ard\u00e8che et le Parc naturel r\u00e9gional des Monts d&#039;Ard\u00e8che.\",\"publisher\":{\"@id\":\"https:\\\/\\\/lesrestanques.eu\\\/#organization\"},\"potentialAction\":[{\"@type\":\"SearchAction\",\"target\":{\"@type\":\"EntryPoint\",\"urlTemplate\":\"https:\\\/\\\/lesrestanques.eu\\\/?s={search_term_string}\"},\"query-input\":{\"@type\":\"PropertyValueSpecification\",\"valueRequired\":true,\"valueName\":\"search_term_string\"}}],\"inLanguage\":\"fr-FR\"},{\"@type\":\"Organization\",\"@id\":\"https:\\\/\\\/lesrestanques.eu\\\/#organization\",\"name\":\"Les restanques de Cam\u00e9lie\",\"url\":\"https:\\\/\\\/lesrestanques.eu\\\/\",\"logo\":{\"@type\":\"ImageObject\",\"inLanguage\":\"fr-FR\",\"@id\":\"https:\\\/\\\/lesrestanques.eu\\\/#\\\/schema\\\/logo\\\/image\\\/\",\"url\":\"https:\\\/\\\/lesrestanques.eu\\\/wp-content\\\/uploads\\\/2023\\\/07\\\/20230511_170140-scaled.jpg\",\"contentUrl\":\"https:\\\/\\\/lesrestanques.eu\\\/wp-content\\\/uploads\\\/2023\\\/07\\\/20230511_170140-scaled.jpg\",\"width\":2560,\"height\":1920,\"caption\":\"Les restanques de Cam\u00e9lie\"},\"image\":{\"@id\":\"https:\\\/\\\/lesrestanques.eu\\\/#\\\/schema\\\/logo\\\/image\\\/\"},\"sameAs\":[\"https:\\\/\\\/www.facebook.com\\\/profile.php?id=100089796713131\"]}]}<\/script>\n<!-- \/ Yoast SEO plugin. -->","yoast_head_json":{"title":"Nous aimons... - Les restanques de Cam\u00e9lie","robots":{"index":"index","follow":"follow","max-snippet":"max-snippet:-1","max-image-preview":"max-image-preview:large","max-video-preview":"max-video-preview:-1"},"canonical":"https:\/\/lesrestanques.eu\/index.php\/nous-aimons\/","og_locale":"fr_FR","og_type":"article","og_title":"Nous aimons... - Les restanques de Cam\u00e9lie","og_url":"https:\/\/lesrestanques.eu\/index.php\/nous-aimons\/","og_site_name":"Les restanques de Cam\u00e9lie","article_publisher":"https:\/\/www.facebook.com\/profile.php?id=100089796713131","article_modified_time":"2025-11-22T11:39:05+00:00","og_image":[{"width":512,"height":640,"url":"https:\/\/lesrestanques.eu\/wp-content\/uploads\/2025\/11\/Terrasse-des-Carmes.jpg","type":"image\/jpeg"}],"twitter_card":"summary_large_image","twitter_misc":{"Dur\u00e9e de lecture estim\u00e9e":"1 minute"},"schema":{"@context":"https:\/\/schema.org","@graph":[{"@type":"WebPage","@id":"https:\/\/lesrestanques.eu\/index.php\/nous-aimons\/","url":"https:\/\/lesrestanques.eu\/index.php\/nous-aimons\/","name":"Nous aimons... - Les restanques de Cam\u00e9lie","isPartOf":{"@id":"https:\/\/lesrestanques.eu\/#website"},"primaryImageOfPage":{"@id":"https:\/\/lesrestanques.eu\/index.php\/nous-aimons\/#primaryimage"},"image":{"@id":"https:\/\/lesrestanques.eu\/index.php\/nous-aimons\/#primaryimage"},"thumbnailUrl":"https:\/\/lesrestanques.eu\/wp-content\/uploads\/2025\/11\/Terrasse-des-Carmes.jpg","datePublished":"2025-11-22T11:20:57+00:00","dateModified":"2025-11-22T11:39:05+00:00","breadcrumb":{"@id":"https:\/\/lesrestanques.eu\/index.php\/nous-aimons\/#breadcrumb"},"inLanguage":"fr-FR","potentialAction":[{"@type":"ReadAction","target":["https:\/\/lesrestanques.eu\/index.php\/nous-aimons\/"]}]},{"@type":"ImageObject","inLanguage":"fr-FR","@id":"https:\/\/lesrestanques.eu\/index.php\/nous-aimons\/#primaryimage","url":"https:\/\/lesrestanques.eu\/wp-content\/uploads\/2025\/11\/Terrasse-des-Carmes.jpg","contentUrl":"https:\/\/lesrestanques.eu\/wp-content\/uploads\/2025\/11\/Terrasse-des-Carmes.jpg","width":512,"height":640},{"@type":"BreadcrumbList","@id":"https:\/\/lesrestanques.eu\/index.php\/nous-aimons\/#breadcrumb","itemListElement":[{"@type":"ListItem","position":1,"name":"Accueil","item":"https:\/\/lesrestanques.eu\/"},{"@type":"ListItem","position":2,"name":"Nous aimons&#8230;"}]},{"@type":"WebSite","@id":"https:\/\/lesrestanques.eu\/#website","url":"https:\/\/lesrestanques.eu\/","name":"Les restanques de Cam\u00e9lie","description":"Bienvenue dans notre charmante chambre d&#039;h\u00f4te en Ard\u00e8che ! Situ\u00e9e au c\u0153ur de la magnifique r\u00e9gion Auvergne-Rh\u00f4ne-Alpes, notre \u00e9tablissement offre un h\u00e9bergement chaleureux et confortable pour les voyageurs en qu\u00eate d&#039;une exp\u00e9rience authentique.Nos chambres d&#039;h\u00f4tes sont id\u00e9alement situ\u00e9es \u00e0 proximit\u00e9 de Vallon-Pont-d&#039;Arc, Vals les Bains, Ruoms, Salavas et Lagorce, offrant ainsi un acc\u00e8s facile aux principales attractions de la r\u00e9gion, telles que la r\u00e9serve naturelle des Gorges de l&#039;Ard\u00e8che et le Parc naturel r\u00e9gional des Monts d&#039;Ard\u00e8che.","publisher":{"@id":"https:\/\/lesrestanques.eu\/#organization"},"potentialAction":[{"@type":"SearchAction","target":{"@type":"EntryPoint","urlTemplate":"https:\/\/lesrestanques.eu\/?s={search_term_string}"},"query-input":{"@type":"PropertyValueSpecification","valueRequired":true,"valueName":"search_term_string"}}],"inLanguage":"fr-FR"},{"@type":"Organization","@id":"https:\/\/lesrestanques.eu\/#organization","name":"Les restanques de Cam\u00e9lie","url":"https:\/\/lesrestanques.eu\/","logo":{"@type":"ImageObject","inLanguage":"fr-FR","@id":"https:\/\/lesrestanques.eu\/#\/schema\/logo\/image\/","url":"https:\/\/lesrestanques.eu\/wp-content\/uploads\/2023\/07\/20230511_170140-scaled.jpg","contentUrl":"https:\/\/lesrestanques.eu\/wp-content\/uploads\/2023\/07\/20230511_170140-scaled.jpg","width":2560,"height":1920,"caption":"Les restanques de Cam\u00e9lie"},"image":{"@id":"https:\/\/lesrestanques.eu\/#\/schema\/logo\/image\/"},"sameAs":["https:\/\/www.facebook.com\/profile.php?id=100089796713131"]}]}},"_links":{"self":[{"href":"https:\/\/lesrestanques.eu\/index.php\/wp-json\/wp\/v2\/pages\/721","targetHints":{"allow":["GET"]}}],"collection":[{"href":"https:\/\/lesrestanques.eu\/index.php\/wp-json\/wp\/v2\/pages"}],"about":[{"href":"https:\/\/lesrestanques.eu\/index.php\/wp-json\/wp\/v2\/types\/page"}],"author":[{"embeddable":true,"href":"https:\/\/lesrestanques.eu\/index.php\/wp-json\/wp\/v2\/users\/1"}],"replies":[{"embeddable":true,"href":"https:\/\/lesrestanques.eu\/index.php\/wp-json\/wp\/v2\/comments?post=721"}],"version-history":[{"count":2,"href":"https:\/\/lesrestanques.eu\/index.php\/wp-json\/wp\/v2\/pages\/721\/revisions"}],"predecessor-version":[{"id":727,"href":"https:\/\/lesrestanques.eu\/index.php\/wp-json\/wp\/v2\/pages\/721\/revisions\/727"}],"wp:attachment":[{"href":"https:\/\/lesrestanques.eu\/index.php\/wp-json\/wp\/v2\/media?parent=721"}],"curies":[{"name":"wp","href":"https:\/\/api.w.org\/{rel}","templated":true}]}}